{"id":630,"date":"2025-11-06T13:32:01","date_gmt":"2025-11-06T16:32:01","guid":{"rendered":"https:\/\/estojoelos.com.br\/loja\/?post_type=product&#038;p=630"},"modified":"2025-11-06T13:32:02","modified_gmt":"2025-11-06T16:32:02","slug":"ref-106-bau-grande-elasticos-para-48-lapis-c-6-un","status":"publish","type":"product","link":"https:\/\/estojoelos.com.br\/loja\/index.php\/product\/ref-106-bau-grande-elasticos-para-48-lapis-c-6-un\/","title":{"rendered":"Ref. 106 Ba\u00fa Grande el\u00e1sticos para 48 l\u00e1pis c\/ 6 un"},"content":{"rendered":"<p>Embalagem com 6 estojos Ba\u00fa Grande na cor preta<\/p>\n<p>Pre\u00e7o unit\u00e1rio R$ 48,00<\/p>\n<p>Material super refor\u00e7ado, com 2 miolos internos e el\u00e1sticos dos dois lados, com capacidade para 48 l\u00e1pis.<\/p>\n<p>Dimens\u00f5es do estojo: 7x17x27<\/p>\n","protected":false},"excerpt":{"rendered":"<p>Embalagem com 6 estojos Ba\u00fa Grande na cor preta Pre\u00e7o unit\u00e1rio R$ 48,00 Material super refor\u00e7ado, com 2 miolos internos e el\u00e1sticos dos dois lados, com capacidade para 48 l\u00e1pis. Dimens\u00f5es do estojo: 7x17x27<\/p>\n","protected":false},"featured_media":632,"template":"","meta":{"om_disable_all_campaigns":false,"_monsterinsights_skip_tracking":false,"_monsterinsights_sitenote_active":false,"_monsterinsights_sitenote_note":"","_monsterinsights_sitenote_category":0},"product_cat":[28,43],"product_tag":[],"class_list":["post-630","product","type-product","status-publish","has-post-thumbnail","hentry","product_cat-all","product_cat-linha-bau"],"aioseo_notices":[],"_links":{"self":[{"href":"https:\/\/estojoelos.com.br\/loja\/index.php\/wp-json\/wp\/v2\/product\/630","targetHints":{"allow":["GET"]}}],"collection":[{"href":"https:\/\/estojoelos.com.br\/loja\/index.php\/wp-json\/wp\/v2\/product"}],"about":[{"href":"https:\/\/estojoelos.com.br\/loja\/index.php\/wp-json\/wp\/v2\/types\/product"}],"wp:featuredmedia":[{"embeddable":true,"href":"https:\/\/estojoelos.com.br\/loja\/index.php\/wp-json\/wp\/v2\/media\/632"}],"wp:attachment":[{"href":"https:\/\/estojoelos.com.br\/loja\/index.php\/wp-json\/wp\/v2\/media?parent=630"}],"wp:term":[{"taxonomy":"product_cat","embeddable":true,"href":"https:\/\/estojoelos.com.br\/loja\/index.php\/wp-json\/wp\/v2\/product_cat?post=630"},{"taxonomy":"product_tag","embeddable":true,"href":"https:\/\/estojoelos.com.br\/loja\/index.php\/wp-json\/wp\/v2\/product_tag?post=630"}],"curies":[{"name":"wp","href":"https:\/\/api.w.org\/{rel}","templated":true}]}}