{"id":525,"date":"2024-10-03T18:29:35","date_gmt":"2024-10-03T21:29:35","guid":{"rendered":"https:\/\/estojoelos.com.br\/loja\/?post_type=product&#038;p=525"},"modified":"2025-07-31T09:36:24","modified_gmt":"2025-07-31T12:36:24","slug":"ref-61-duplo-masc-estampado-c-6-un","status":"publish","type":"product","link":"https:\/\/estojoelos.com.br\/loja\/index.php\/product\/ref-61-duplo-masc-estampado-c-6-un\/","title":{"rendered":"Ref. 61 Duplo Masc. Estampado c\/ 6 un"},"content":{"rendered":"<p>Embalagem com 6 estojos Duplo Especial Masculino Estampado<\/p>\n<p>Pre\u00e7o unit\u00e1rio R$ 15,80<\/p>\n<p>Dimens\u00f5es do estojo: 9x7x21cm<\/p>\n<p>* As cores podem sofrer altera\u00e7\u00f5es<\/p>\n","protected":false},"excerpt":{"rendered":"<p>Embalagem com 6 estojos Duplo Especial Masculino Estampado Pre\u00e7o unit\u00e1rio R$ 15,80 Dimens\u00f5es do estojo: 9x7x21cm * As cores podem sofrer altera\u00e7\u00f5es<\/p>\n","protected":false},"featured_media":526,"template":"","meta":{"om_disable_all_campaigns":false,"_monsterinsights_skip_tracking":false,"_monsterinsights_sitenote_active":false,"_monsterinsights_sitenote_note":"","_monsterinsights_sitenote_category":0},"product_cat":[28,40],"product_tag":[],"class_list":["post-525","product","type-product","status-publish","has-post-thumbnail","hentry","product_cat-all","product_cat-linha-duplo"],"aioseo_notices":[],"_links":{"self":[{"href":"https:\/\/estojoelos.com.br\/loja\/index.php\/wp-json\/wp\/v2\/product\/525","targetHints":{"allow":["GET"]}}],"collection":[{"href":"https:\/\/estojoelos.com.br\/loja\/index.php\/wp-json\/wp\/v2\/product"}],"about":[{"href":"https:\/\/estojoelos.com.br\/loja\/index.php\/wp-json\/wp\/v2\/types\/product"}],"wp:featuredmedia":[{"embeddable":true,"href":"https:\/\/estojoelos.com.br\/loja\/index.php\/wp-json\/wp\/v2\/media\/526"}],"wp:attachment":[{"href":"https:\/\/estojoelos.com.br\/loja\/index.php\/wp-json\/wp\/v2\/media?parent=525"}],"wp:term":[{"taxonomy":"product_cat","embeddable":true,"href":"https:\/\/estojoelos.com.br\/loja\/index.php\/wp-json\/wp\/v2\/product_cat?post=525"},{"taxonomy":"product_tag","embeddable":true,"href":"https:\/\/estojoelos.com.br\/loja\/index.php\/wp-json\/wp\/v2\/product_tag?post=525"}],"curies":[{"name":"wp","href":"https:\/\/api.w.org\/{rel}","templated":true}]}}