{"id":516,"date":"2024-10-03T18:21:46","date_gmt":"2024-10-03T21:21:46","guid":{"rendered":"https:\/\/estojoelos.com.br\/loja\/?post_type=product&#038;p=516"},"modified":"2025-07-31T09:39:36","modified_gmt":"2025-07-31T12:39:36","slug":"ref-44-estojo-grande-fem-com-bolso-c-6-un","status":"publish","type":"product","link":"https:\/\/estojoelos.com.br\/loja\/index.php\/product\/ref-44-estojo-grande-fem-com-bolso-c-6-un\/","title":{"rendered":"Ref. 44 Estojo Grande Fem. com Bolso c\/ 6 un"},"content":{"rendered":"<p>Embalagem com 6 estojos Retangular Grande Feminino com bolso<\/p>\n<p>Pre\u00e7o unit\u00e1rio R$ 17,60<\/p>\n<p>Dimens\u00f5es do estojo: 8x10x22cm<\/p>\n<p>* As cores podem sofrer altera\u00e7\u00f5es<\/p>\n","protected":false},"excerpt":{"rendered":"<p>Embalagem com 6 estojos Retangular Grande Feminino com bolso Pre\u00e7o unit\u00e1rio R$ 17,60 Dimens\u00f5es do estojo: 8x10x22cm * As cores podem sofrer altera\u00e7\u00f5es<\/p>\n","protected":false},"featured_media":517,"template":"","meta":{"om_disable_all_campaigns":false,"_monsterinsights_skip_tracking":false,"_monsterinsights_sitenote_active":false,"_monsterinsights_sitenote_note":"","_monsterinsights_sitenote_category":0},"product_cat":[28,39],"product_tag":[],"class_list":["post-516","product","type-product","status-publish","has-post-thumbnail","hentry","product_cat-all","product_cat-linha-grandes"],"aioseo_notices":[],"_links":{"self":[{"href":"https:\/\/estojoelos.com.br\/loja\/index.php\/wp-json\/wp\/v2\/product\/516","targetHints":{"allow":["GET"]}}],"collection":[{"href":"https:\/\/estojoelos.com.br\/loja\/index.php\/wp-json\/wp\/v2\/product"}],"about":[{"href":"https:\/\/estojoelos.com.br\/loja\/index.php\/wp-json\/wp\/v2\/types\/product"}],"wp:featuredmedia":[{"embeddable":true,"href":"https:\/\/estojoelos.com.br\/loja\/index.php\/wp-json\/wp\/v2\/media\/517"}],"wp:attachment":[{"href":"https:\/\/estojoelos.com.br\/loja\/index.php\/wp-json\/wp\/v2\/media?parent=516"}],"wp:term":[{"taxonomy":"product_cat","embeddable":true,"href":"https:\/\/estojoelos.com.br\/loja\/index.php\/wp-json\/wp\/v2\/product_cat?post=516"},{"taxonomy":"product_tag","embeddable":true,"href":"https:\/\/estojoelos.com.br\/loja\/index.php\/wp-json\/wp\/v2\/product_tag?post=516"}],"curies":[{"name":"wp","href":"https:\/\/api.w.org\/{rel}","templated":true}]}}