{"id":513,"date":"2024-10-03T18:17:09","date_gmt":"2024-10-03T21:17:09","guid":{"rendered":"https:\/\/estojoelos.com.br\/loja\/?post_type=product&#038;p=513"},"modified":"2025-07-31T09:40:16","modified_gmt":"2025-07-31T12:40:16","slug":"ref-38-estojo-grande-fem-estampado-c-6","status":"publish","type":"product","link":"https:\/\/estojoelos.com.br\/loja\/index.php\/product\/ref-38-estojo-grande-fem-estampado-c-6\/","title":{"rendered":"Ref. 38 Estojo Grande Fem. Estampado c\/6"},"content":{"rendered":"<p>Embalagem com 6 estojos Retangular Grande Feminino Estampado<\/p>\n<p>Pre\u00e7o unit\u00e1rio R$ 14,80<\/p>\n<p>Dimens\u00f5es do estojo: 5x10x22cm<\/p>\n<p>* As cores e estampas podem sofrer altera\u00e7\u00f5es<\/p>\n","protected":false},"excerpt":{"rendered":"<p>Embalagem com 6 estojos Retangular Grande Feminino Estampado Pre\u00e7o unit\u00e1rio R$ 14,80 Dimens\u00f5es do estojo: 5x10x22cm * As cores e estampas podem sofrer altera\u00e7\u00f5es<\/p>\n","protected":false},"featured_media":514,"template":"","meta":{"om_disable_all_campaigns":false,"_monsterinsights_skip_tracking":false,"_monsterinsights_sitenote_active":false,"_monsterinsights_sitenote_note":"","_monsterinsights_sitenote_category":0},"product_cat":[28,39],"product_tag":[],"class_list":["post-513","product","type-product","status-publish","has-post-thumbnail","hentry","product_cat-all","product_cat-linha-grandes"],"aioseo_notices":[],"_links":{"self":[{"href":"https:\/\/estojoelos.com.br\/loja\/index.php\/wp-json\/wp\/v2\/product\/513","targetHints":{"allow":["GET"]}}],"collection":[{"href":"https:\/\/estojoelos.com.br\/loja\/index.php\/wp-json\/wp\/v2\/product"}],"about":[{"href":"https:\/\/estojoelos.com.br\/loja\/index.php\/wp-json\/wp\/v2\/types\/product"}],"wp:featuredmedia":[{"embeddable":true,"href":"https:\/\/estojoelos.com.br\/loja\/index.php\/wp-json\/wp\/v2\/media\/514"}],"wp:attachment":[{"href":"https:\/\/estojoelos.com.br\/loja\/index.php\/wp-json\/wp\/v2\/media?parent=513"}],"wp:term":[{"taxonomy":"product_cat","embeddable":true,"href":"https:\/\/estojoelos.com.br\/loja\/index.php\/wp-json\/wp\/v2\/product_cat?post=513"},{"taxonomy":"product_tag","embeddable":true,"href":"https:\/\/estojoelos.com.br\/loja\/index.php\/wp-json\/wp\/v2\/product_tag?post=513"}],"curies":[{"name":"wp","href":"https:\/\/api.w.org\/{rel}","templated":true}]}}