{"id":451,"date":"2023-10-05T14:32:17","date_gmt":"2023-10-05T17:32:17","guid":{"rendered":"https:\/\/estojoelos.com.br\/loja\/?post_type=product&#038;p=451"},"modified":"2025-07-31T10:02:51","modified_gmt":"2025-07-31T13:02:51","slug":"ref-91-bau-liso-fem-c-6-un-2","status":"publish","type":"product","link":"https:\/\/estojoelos.com.br\/loja\/index.php\/product\/ref-91-bau-liso-fem-c-6-un-2\/","title":{"rendered":"Ref. 91 Ba\u00fa Liso Fem. c\/ 6 un"},"content":{"rendered":"<p>Embalagem com 6 estojos Ba\u00fa Feminino Liso em cores sortidas<\/p>\n<p>Pre\u00e7o unit\u00e1rio R$ 40,00<\/p>\n<p>Material super refor\u00e7ado, com el\u00e1stico na tampa e no miolo com capacidade para 36 l\u00e1pis.<\/p>\n<p>Dimens\u00f5es do estojo: 7x16x23<\/p>\n<p>* As cores podem sofrer altera\u00e7\u00f5es<\/p>\n","protected":false},"excerpt":{"rendered":"<p>Embalagem com 6 estojos Ba\u00fa Feminino Liso em cores sortidas Pre\u00e7o unit\u00e1rio R$ 40,00 Material super refor\u00e7ado, com el\u00e1stico na tampa e no miolo com capacidade para 36 l\u00e1pis. Dimens\u00f5es do estojo: 7x16x23 * As cores podem sofrer altera\u00e7\u00f5es<\/p>\n","protected":false},"featured_media":538,"template":"","meta":{"om_disable_all_campaigns":false,"_monsterinsights_skip_tracking":false,"_monsterinsights_sitenote_active":false,"_monsterinsights_sitenote_note":"","_monsterinsights_sitenote_category":0},"product_cat":[28,43],"product_tag":[],"class_list":["post-451","product","type-product","status-publish","has-post-thumbnail","hentry","product_cat-all","product_cat-linha-bau"],"aioseo_notices":[],"_links":{"self":[{"href":"https:\/\/estojoelos.com.br\/loja\/index.php\/wp-json\/wp\/v2\/product\/451","targetHints":{"allow":["GET"]}}],"collection":[{"href":"https:\/\/estojoelos.com.br\/loja\/index.php\/wp-json\/wp\/v2\/product"}],"about":[{"href":"https:\/\/estojoelos.com.br\/loja\/index.php\/wp-json\/wp\/v2\/types\/product"}],"wp:featuredmedia":[{"embeddable":true,"href":"https:\/\/estojoelos.com.br\/loja\/index.php\/wp-json\/wp\/v2\/media\/538"}],"wp:attachment":[{"href":"https:\/\/estojoelos.com.br\/loja\/index.php\/wp-json\/wp\/v2\/media?parent=451"}],"wp:term":[{"taxonomy":"product_cat","embeddable":true,"href":"https:\/\/estojoelos.com.br\/loja\/index.php\/wp-json\/wp\/v2\/product_cat?post=451"},{"taxonomy":"product_tag","embeddable":true,"href":"https:\/\/estojoelos.com.br\/loja\/index.php\/wp-json\/wp\/v2\/product_tag?post=451"}],"curies":[{"name":"wp","href":"https:\/\/api.w.org\/{rel}","templated":true}]}}