{"id":449,"date":"2023-10-05T14:30:33","date_gmt":"2023-10-05T17:30:33","guid":{"rendered":"https:\/\/estojoelos.com.br\/loja\/?post_type=product&#038;p=449"},"modified":"2025-07-31T10:08:27","modified_gmt":"2025-07-31T13:08:27","slug":"ref-50-quadruplo-masc-neon-c-6-un","status":"publish","type":"product","link":"https:\/\/estojoelos.com.br\/loja\/index.php\/product\/ref-50-quadruplo-masc-neon-c-6-un\/","title":{"rendered":"Ref. 50 Quadruplo Masc. Neon c\/ 6 un"},"content":{"rendered":"<p>Embalagem com 6 estojos Quadruplo Masculino Neon<\/p>\n<p>Pre\u00e7o unit\u00e1rio R$ 18,50<\/p>\n<p>Dimens\u00f5es do estojo: 16&#215;5,5x19cm<\/p>\n<p>* As cores podem sofrer altera\u00e7\u00f5es<\/p>\n","protected":false},"excerpt":{"rendered":"<p>Embalagem com 6 estojos Quadruplo Masculino Neon Pre\u00e7o unit\u00e1rio R$ 18,50 Dimens\u00f5es do estojo: 16&#215;5,5x19cm * As cores podem sofrer altera\u00e7\u00f5es<\/p>\n","protected":false},"featured_media":486,"template":"","meta":{"om_disable_all_campaigns":false,"_monsterinsights_skip_tracking":false,"_monsterinsights_sitenote_active":false,"_monsterinsights_sitenote_note":"","_monsterinsights_sitenote_category":0},"product_cat":[28,42],"product_tag":[],"class_list":["post-449","product","type-product","status-publish","has-post-thumbnail","hentry","product_cat-all","product_cat-linha-quadruplo"],"aioseo_notices":[],"_links":{"self":[{"href":"https:\/\/estojoelos.com.br\/loja\/index.php\/wp-json\/wp\/v2\/product\/449","targetHints":{"allow":["GET"]}}],"collection":[{"href":"https:\/\/estojoelos.com.br\/loja\/index.php\/wp-json\/wp\/v2\/product"}],"about":[{"href":"https:\/\/estojoelos.com.br\/loja\/index.php\/wp-json\/wp\/v2\/types\/product"}],"wp:featuredmedia":[{"embeddable":true,"href":"https:\/\/estojoelos.com.br\/loja\/index.php\/wp-json\/wp\/v2\/media\/486"}],"wp:attachment":[{"href":"https:\/\/estojoelos.com.br\/loja\/index.php\/wp-json\/wp\/v2\/media?parent=449"}],"wp:term":[{"taxonomy":"product_cat","embeddable":true,"href":"https:\/\/estojoelos.com.br\/loja\/index.php\/wp-json\/wp\/v2\/product_cat?post=449"},{"taxonomy":"product_tag","embeddable":true,"href":"https:\/\/estojoelos.com.br\/loja\/index.php\/wp-json\/wp\/v2\/product_tag?post=449"}],"curies":[{"name":"wp","href":"https:\/\/api.w.org\/{rel}","templated":true}]}}