{"id":426,"date":"2023-10-05T14:11:16","date_gmt":"2023-10-05T17:11:16","guid":{"rendered":"https:\/\/estojoelos.com.br\/loja\/?post_type=product&#038;p=426"},"modified":"2025-07-31T10:22:50","modified_gmt":"2025-07-31T13:22:50","slug":"ref-15-estojo-medio-mescla-c-6-un","status":"publish","type":"product","link":"https:\/\/estojoelos.com.br\/loja\/index.php\/product\/ref-15-estojo-medio-mescla-c-6-un\/","title":{"rendered":"Ref. 15 Estojo M\u00e9dio Mescla c\/ 6 un"},"content":{"rendered":"<p>Embalagem com 6 estojos tamanho M\u00e9dio Mescla cores sortidas<\/p>\n<p>Pre\u00e7o unit\u00e1rio R$ 9,90<\/p>\n<p>Dimens\u00f5es do estojo: 5x5x19cm<\/p>\n<p>* As cores podem sofrer altera\u00e7\u00f5es<\/p>\n","protected":false},"excerpt":{"rendered":"<p>Embalagem com 6 estojos tamanho M\u00e9dio Mescla cores sortidas Pre\u00e7o unit\u00e1rio R$ 9,90 Dimens\u00f5es do estojo: 5x5x19cm * As cores podem sofrer altera\u00e7\u00f5es<\/p>\n","protected":false},"featured_media":476,"template":"","meta":{"om_disable_all_campaigns":false,"_monsterinsights_skip_tracking":false,"_monsterinsights_sitenote_active":false,"_monsterinsights_sitenote_note":"","_monsterinsights_sitenote_category":0},"product_cat":[28,22],"product_tag":[],"class_list":["post-426","product","type-product","status-publish","has-post-thumbnail","hentry","product_cat-all","product_cat-linha-medio"],"aioseo_notices":[],"_links":{"self":[{"href":"https:\/\/estojoelos.com.br\/loja\/index.php\/wp-json\/wp\/v2\/product\/426","targetHints":{"allow":["GET"]}}],"collection":[{"href":"https:\/\/estojoelos.com.br\/loja\/index.php\/wp-json\/wp\/v2\/product"}],"about":[{"href":"https:\/\/estojoelos.com.br\/loja\/index.php\/wp-json\/wp\/v2\/types\/product"}],"wp:featuredmedia":[{"embeddable":true,"href":"https:\/\/estojoelos.com.br\/loja\/index.php\/wp-json\/wp\/v2\/media\/476"}],"wp:attachment":[{"href":"https:\/\/estojoelos.com.br\/loja\/index.php\/wp-json\/wp\/v2\/media?parent=426"}],"wp:term":[{"taxonomy":"product_cat","embeddable":true,"href":"https:\/\/estojoelos.com.br\/loja\/index.php\/wp-json\/wp\/v2\/product_cat?post=426"},{"taxonomy":"product_tag","embeddable":true,"href":"https:\/\/estojoelos.com.br\/loja\/index.php\/wp-json\/wp\/v2\/product_tag?post=426"}],"curies":[{"name":"wp","href":"https:\/\/api.w.org\/{rel}","templated":true}]}}