{"id":376,"date":"2022-09-01T16:35:30","date_gmt":"2022-09-01T19:35:30","guid":{"rendered":"https:\/\/estojoelos.com.br\/loja\/?post_type=product&#038;p=376"},"modified":"2025-07-31T10:32:07","modified_gmt":"2025-07-31T13:32:07","slug":"ref-03-estojo-fino-preto-c-ziper-color-c-6-un","status":"publish","type":"product","link":"https:\/\/estojoelos.com.br\/loja\/index.php\/product\/ref-03-estojo-fino-preto-c-ziper-color-c-6-un\/","title":{"rendered":"Ref. 09 Estojo Fino Preto c\/ Ziper Color. c\/ 6 un"},"content":{"rendered":"<p>Embalagem com 6 estojos tamanho Fino tecido Preto com Ziper Colorido<\/p>\n<p>Pre\u00e7o unit\u00e1rio R$ 4,90<\/p>\n<p>Dimens\u00f5es do estojo: 3,5x3x19cm<\/p>\n<p>* As cores podem sofrer altera\u00e7\u00f5es<\/p>\n","protected":false},"excerpt":{"rendered":"<p>Embalagem com 6 estojos tamanho Fino tecido Preto com Ziper Colorido Pre\u00e7o unit\u00e1rio R$ 4,90 Dimens\u00f5es do estojo: 3,5x3x19cm * As cores podem sofrer altera\u00e7\u00f5es<\/p>\n","protected":false},"featured_media":369,"template":"","meta":{"om_disable_all_campaigns":false,"_monsterinsights_skip_tracking":false,"_monsterinsights_sitenote_active":false,"_monsterinsights_sitenote_note":"","_monsterinsights_sitenote_category":0},"product_cat":[28,16],"product_tag":[],"class_list":["post-376","product","type-product","status-publish","has-post-thumbnail","hentry","product_cat-all","product_cat-linha-finos"],"aioseo_notices":[],"_links":{"self":[{"href":"https:\/\/estojoelos.com.br\/loja\/index.php\/wp-json\/wp\/v2\/product\/376","targetHints":{"allow":["GET"]}}],"collection":[{"href":"https:\/\/estojoelos.com.br\/loja\/index.php\/wp-json\/wp\/v2\/product"}],"about":[{"href":"https:\/\/estojoelos.com.br\/loja\/index.php\/wp-json\/wp\/v2\/types\/product"}],"wp:featuredmedia":[{"embeddable":true,"href":"https:\/\/estojoelos.com.br\/loja\/index.php\/wp-json\/wp\/v2\/media\/369"}],"wp:attachment":[{"href":"https:\/\/estojoelos.com.br\/loja\/index.php\/wp-json\/wp\/v2\/media?parent=376"}],"wp:term":[{"taxonomy":"product_cat","embeddable":true,"href":"https:\/\/estojoelos.com.br\/loja\/index.php\/wp-json\/wp\/v2\/product_cat?post=376"},{"taxonomy":"product_tag","embeddable":true,"href":"https:\/\/estojoelos.com.br\/loja\/index.php\/wp-json\/wp\/v2\/product_tag?post=376"}],"curies":[{"name":"wp","href":"https:\/\/api.w.org\/{rel}","templated":true}]}}