{"id":355,"date":"2022-09-01T16:17:22","date_gmt":"2022-09-01T19:17:22","guid":{"rendered":"https:\/\/estojoelos.com.br\/loja\/?post_type=product&#038;p=355"},"modified":"2025-07-31T10:46:06","modified_gmt":"2025-07-31T13:46:06","slug":"ref-11-estojo-medio-masc-lona-c-6-un","status":"publish","type":"product","link":"https:\/\/estojoelos.com.br\/loja\/index.php\/product\/ref-11-estojo-medio-masc-lona-c-6-un\/","title":{"rendered":"Ref. 11 Estojo M\u00e9dio Masc. Lona c\/ 6 un"},"content":{"rendered":"<p>Embalagem com 6 estojos tamanho M\u00e9dio Tecido Lona Masculino<\/p>\n<p>Pre\u00e7o unit\u00e1rio R$ 7,15<\/p>\n<p>Dimens\u00f5es do estojo: 5x5x19cm<\/p>\n<p>* As cores podem sofrer altera\u00e7\u00f5es<\/p>\n","protected":false},"excerpt":{"rendered":"<p>Embalagem com 6 estojos tamanho M\u00e9dio Tecido Lona Masculino Pre\u00e7o unit\u00e1rio R$ 7,15 Dimens\u00f5es do estojo: 5x5x19cm * As cores podem sofrer altera\u00e7\u00f5es<\/p>\n","protected":false},"featured_media":356,"template":"","meta":{"om_disable_all_campaigns":false,"_monsterinsights_skip_tracking":false,"_monsterinsights_sitenote_active":false,"_monsterinsights_sitenote_note":"","_monsterinsights_sitenote_category":0},"product_cat":[28,22],"product_tag":[],"class_list":["post-355","product","type-product","status-publish","has-post-thumbnail","hentry","product_cat-all","product_cat-linha-medio"],"aioseo_notices":[],"_links":{"self":[{"href":"https:\/\/estojoelos.com.br\/loja\/index.php\/wp-json\/wp\/v2\/product\/355","targetHints":{"allow":["GET"]}}],"collection":[{"href":"https:\/\/estojoelos.com.br\/loja\/index.php\/wp-json\/wp\/v2\/product"}],"about":[{"href":"https:\/\/estojoelos.com.br\/loja\/index.php\/wp-json\/wp\/v2\/types\/product"}],"wp:featuredmedia":[{"embeddable":true,"href":"https:\/\/estojoelos.com.br\/loja\/index.php\/wp-json\/wp\/v2\/media\/356"}],"wp:attachment":[{"href":"https:\/\/estojoelos.com.br\/loja\/index.php\/wp-json\/wp\/v2\/media?parent=355"}],"wp:term":[{"taxonomy":"product_cat","embeddable":true,"href":"https:\/\/estojoelos.com.br\/loja\/index.php\/wp-json\/wp\/v2\/product_cat?post=355"},{"taxonomy":"product_tag","embeddable":true,"href":"https:\/\/estojoelos.com.br\/loja\/index.php\/wp-json\/wp\/v2\/product_tag?post=355"}],"curies":[{"name":"wp","href":"https:\/\/api.w.org\/{rel}","templated":true}]}}