{"id":351,"date":"2022-09-01T16:13:01","date_gmt":"2022-09-01T19:13:01","guid":{"rendered":"https:\/\/estojoelos.com.br\/loja\/?post_type=product&#038;p=351"},"modified":"2025-07-31T10:48:35","modified_gmt":"2025-07-31T13:48:35","slug":"ref-12-estojo-medio-fem-cristal","status":"publish","type":"product","link":"https:\/\/estojoelos.com.br\/loja\/index.php\/product\/ref-12-estojo-medio-fem-cristal\/","title":{"rendered":"Ref. 12 Estojo M\u00e9dio Fem. Cristal c\/ 6 un"},"content":{"rendered":"<p>Embalagem com 6 estojos tamanho M\u00e9dio Tecido Cristal Feminino<\/p>\n<p>Pre\u00e7o unit\u00e1rio R$ 8,20<\/p>\n<p>Dimens\u00f5es do estojo: 5x5x19cm<\/p>\n<p>* As cores podem sofrer altera\u00e7\u00f5es<\/p>\n","protected":false},"excerpt":{"rendered":"<p>Embalagem com 6 estojos tamanho M\u00e9dio Tecido Cristal Feminino Pre\u00e7o unit\u00e1rio R$ 8,20 Dimens\u00f5es do estojo: 5x5x19cm * As cores podem sofrer altera\u00e7\u00f5es<\/p>\n","protected":false},"featured_media":328,"template":"","meta":{"om_disable_all_campaigns":false,"_monsterinsights_skip_tracking":false,"_monsterinsights_sitenote_active":false,"_monsterinsights_sitenote_note":"","_monsterinsights_sitenote_category":0},"product_cat":[28,22],"product_tag":[],"class_list":["post-351","product","type-product","status-publish","has-post-thumbnail","hentry","product_cat-all","product_cat-linha-medio"],"aioseo_notices":[],"_links":{"self":[{"href":"https:\/\/estojoelos.com.br\/loja\/index.php\/wp-json\/wp\/v2\/product\/351","targetHints":{"allow":["GET"]}}],"collection":[{"href":"https:\/\/estojoelos.com.br\/loja\/index.php\/wp-json\/wp\/v2\/product"}],"about":[{"href":"https:\/\/estojoelos.com.br\/loja\/index.php\/wp-json\/wp\/v2\/types\/product"}],"wp:featuredmedia":[{"embeddable":true,"href":"https:\/\/estojoelos.com.br\/loja\/index.php\/wp-json\/wp\/v2\/media\/328"}],"wp:attachment":[{"href":"https:\/\/estojoelos.com.br\/loja\/index.php\/wp-json\/wp\/v2\/media?parent=351"}],"wp:term":[{"taxonomy":"product_cat","embeddable":true,"href":"https:\/\/estojoelos.com.br\/loja\/index.php\/wp-json\/wp\/v2\/product_cat?post=351"},{"taxonomy":"product_tag","embeddable":true,"href":"https:\/\/estojoelos.com.br\/loja\/index.php\/wp-json\/wp\/v2\/product_tag?post=351"}],"curies":[{"name":"wp","href":"https:\/\/api.w.org\/{rel}","templated":true}]}}