{"id":305,"date":"2022-09-01T15:37:32","date_gmt":"2022-09-01T18:37:32","guid":{"rendered":"https:\/\/estojoelos.com.br\/loja\/?post_type=product&#038;p=305"},"modified":"2025-07-31T11:14:28","modified_gmt":"2025-07-31T14:14:28","slug":"ref-17-estojo-medio-cetim-c-6-un","status":"publish","type":"product","link":"https:\/\/estojoelos.com.br\/loja\/index.php\/product\/ref-17-estojo-medio-cetim-c-6-un\/","title":{"rendered":"Ref. 17 Estojo M\u00e9dio Cetim c\/ 6 un"},"content":{"rendered":"<p>Embalagem com 6 estojos formato tamanho M\u00e9dio Cetim em cores sortidas e Ziper Prata<\/p>\n<p>Pre\u00e7o unit\u00e1rio R$ 10,50<\/p>\n<p>Dimens\u00f5es do estojo: 5x5x19cm<\/p>\n<p>* As cores podem sofrer altera\u00e7\u00f5es<\/p>\n","protected":false},"excerpt":{"rendered":"<p>Embalagem com 6 estojos formato tamanho M\u00e9dio Cetim em cores sortidas e Ziper Prata Pre\u00e7o unit\u00e1rio R$ 10,50 Dimens\u00f5es do estojo: 5x5x19cm * As cores podem sofrer altera\u00e7\u00f5es<\/p>\n","protected":false},"featured_media":302,"template":"","meta":{"om_disable_all_campaigns":false,"_monsterinsights_skip_tracking":false,"_monsterinsights_sitenote_active":false,"_monsterinsights_sitenote_note":"","_monsterinsights_sitenote_category":0},"product_cat":[28,22],"product_tag":[],"class_list":["post-305","product","type-product","status-publish","has-post-thumbnail","hentry","product_cat-all","product_cat-linha-medio"],"aioseo_notices":[],"_links":{"self":[{"href":"https:\/\/estojoelos.com.br\/loja\/index.php\/wp-json\/wp\/v2\/product\/305","targetHints":{"allow":["GET"]}}],"collection":[{"href":"https:\/\/estojoelos.com.br\/loja\/index.php\/wp-json\/wp\/v2\/product"}],"about":[{"href":"https:\/\/estojoelos.com.br\/loja\/index.php\/wp-json\/wp\/v2\/types\/product"}],"wp:featuredmedia":[{"embeddable":true,"href":"https:\/\/estojoelos.com.br\/loja\/index.php\/wp-json\/wp\/v2\/media\/302"}],"wp:attachment":[{"href":"https:\/\/estojoelos.com.br\/loja\/index.php\/wp-json\/wp\/v2\/media?parent=305"}],"wp:term":[{"taxonomy":"product_cat","embeddable":true,"href":"https:\/\/estojoelos.com.br\/loja\/index.php\/wp-json\/wp\/v2\/product_cat?post=305"},{"taxonomy":"product_tag","embeddable":true,"href":"https:\/\/estojoelos.com.br\/loja\/index.php\/wp-json\/wp\/v2\/product_tag?post=305"}],"curies":[{"name":"wp","href":"https:\/\/api.w.org\/{rel}","templated":true}]}}