{"id":294,"date":"2022-09-01T15:19:20","date_gmt":"2022-09-01T18:19:20","guid":{"rendered":"https:\/\/estojoelos.com.br\/loja\/?post_type=product&#038;p=294"},"modified":"2025-07-31T11:47:20","modified_gmt":"2025-07-31T14:47:20","slug":"ref-24-ret-medio-camuflado-c-6-un","status":"publish","type":"product","link":"https:\/\/estojoelos.com.br\/loja\/index.php\/product\/ref-24-ret-medio-camuflado-c-6-un\/","title":{"rendered":"Ref. 24 Ret. M\u00e9dio Camuflado c\/ 6 un"},"content":{"rendered":"<p>Embalagem com 6 estojos formato Retangular M\u00e9dio Camuflado<\/p>\n<p>Pre\u00e7o unit\u00e1rio R$ 12,00<\/p>\n<p>Dimens\u00f5es do estojo: 5x7x21cm<\/p>\n<p>* As cores podem sofrer altera\u00e7\u00f5es<\/p>\n","protected":false},"excerpt":{"rendered":"<p>Embalagem com 6 estojos formato Retangular M\u00e9dio Camuflado Pre\u00e7o unit\u00e1rio R$ 12,00 Dimens\u00f5es do estojo: 5x7x21cm * As cores podem sofrer altera\u00e7\u00f5es<\/p>\n","protected":false},"featured_media":292,"template":"","meta":{"om_disable_all_campaigns":false,"_monsterinsights_skip_tracking":false,"_monsterinsights_sitenote_active":false,"_monsterinsights_sitenote_note":"","_monsterinsights_sitenote_category":0},"product_cat":[28,22],"product_tag":[63,23],"class_list":["post-294","product","type-product","status-publish","has-post-thumbnail","hentry","product_cat-all","product_cat-linha-medio","product_tag-camuflado","product_tag-medio"],"aioseo_notices":[],"_links":{"self":[{"href":"https:\/\/estojoelos.com.br\/loja\/index.php\/wp-json\/wp\/v2\/product\/294","targetHints":{"allow":["GET"]}}],"collection":[{"href":"https:\/\/estojoelos.com.br\/loja\/index.php\/wp-json\/wp\/v2\/product"}],"about":[{"href":"https:\/\/estojoelos.com.br\/loja\/index.php\/wp-json\/wp\/v2\/types\/product"}],"wp:featuredmedia":[{"embeddable":true,"href":"https:\/\/estojoelos.com.br\/loja\/index.php\/wp-json\/wp\/v2\/media\/292"}],"wp:attachment":[{"href":"https:\/\/estojoelos.com.br\/loja\/index.php\/wp-json\/wp\/v2\/media?parent=294"}],"wp:term":[{"taxonomy":"product_cat","embeddable":true,"href":"https:\/\/estojoelos.com.br\/loja\/index.php\/wp-json\/wp\/v2\/product_cat?post=294"},{"taxonomy":"product_tag","embeddable":true,"href":"https:\/\/estojoelos.com.br\/loja\/index.php\/wp-json\/wp\/v2\/product_tag?post=294"}],"curies":[{"name":"wp","href":"https:\/\/api.w.org\/{rel}","templated":true}]}}