{"id":287,"date":"2022-09-01T15:16:50","date_gmt":"2022-09-01T18:16:50","guid":{"rendered":"https:\/\/estojoelos.com.br\/loja\/?post_type=product&#038;p=287"},"modified":"2025-07-31T12:32:18","modified_gmt":"2025-07-31T15:32:18","slug":"ref-24-ret-medio-ziper-prata-c-6-un","status":"publish","type":"product","link":"https:\/\/estojoelos.com.br\/loja\/index.php\/product\/ref-24-ret-medio-ziper-prata-c-6-un\/","title":{"rendered":"Ref. 24 Ret. M\u00e9dio Ziper Prata c\/ 6 un"},"content":{"rendered":"<p>Embalagem com 6 estojos formato Retangular M\u00e9dio Tecido preto com Ziper Prata<\/p>\n<p>Pre\u00e7o unit\u00e1rio R$ 12,00<\/p>\n<p>Dimens\u00f5es do estojo: 5x7x21cm<\/p>\n<p>* As cores podem sofrer altera\u00e7\u00f5es<\/p>\n","protected":false},"excerpt":{"rendered":"<p>Embalagem com 6 estojos formato Retangular M\u00e9dio Tecido preto com Ziper Prata Pre\u00e7o unit\u00e1rio R$ 12,00 Dimens\u00f5es do estojo: 5x7x21cm * As cores podem sofrer altera\u00e7\u00f5es<\/p>\n","protected":false},"featured_media":293,"template":"","meta":{"om_disable_all_campaigns":false,"_monsterinsights_skip_tracking":false,"_monsterinsights_sitenote_active":false,"_monsterinsights_sitenote_note":"","_monsterinsights_sitenote_category":0},"product_cat":[28,22],"product_tag":[],"class_list":["post-287","product","type-product","status-publish","has-post-thumbnail","hentry","product_cat-all","product_cat-linha-medio"],"aioseo_notices":[],"_links":{"self":[{"href":"https:\/\/estojoelos.com.br\/loja\/index.php\/wp-json\/wp\/v2\/product\/287","targetHints":{"allow":["GET"]}}],"collection":[{"href":"https:\/\/estojoelos.com.br\/loja\/index.php\/wp-json\/wp\/v2\/product"}],"about":[{"href":"https:\/\/estojoelos.com.br\/loja\/index.php\/wp-json\/wp\/v2\/types\/product"}],"wp:featuredmedia":[{"embeddable":true,"href":"https:\/\/estojoelos.com.br\/loja\/index.php\/wp-json\/wp\/v2\/media\/293"}],"wp:attachment":[{"href":"https:\/\/estojoelos.com.br\/loja\/index.php\/wp-json\/wp\/v2\/media?parent=287"}],"wp:term":[{"taxonomy":"product_cat","embeddable":true,"href":"https:\/\/estojoelos.com.br\/loja\/index.php\/wp-json\/wp\/v2\/product_cat?post=287"},{"taxonomy":"product_tag","embeddable":true,"href":"https:\/\/estojoelos.com.br\/loja\/index.php\/wp-json\/wp\/v2\/product_tag?post=287"}],"curies":[{"name":"wp","href":"https:\/\/api.w.org\/{rel}","templated":true}]}}