{"id":269,"date":"2022-09-01T14:56:02","date_gmt":"2022-09-01T17:56:02","guid":{"rendered":"https:\/\/estojoelos.com.br\/loja\/?post_type=product&#038;p=269"},"modified":"2025-07-31T12:40:15","modified_gmt":"2025-07-31T15:40:15","slug":"ref-38-estojo-grande-couro-c-6-un","status":"publish","type":"product","link":"https:\/\/estojoelos.com.br\/loja\/index.php\/product\/ref-38-estojo-grande-couro-c-6-un\/","title":{"rendered":"Ref. 38 Estojo Grande Couro c\/ 6 un"},"content":{"rendered":"<p>Embalagem com 6 estojos Retangular Grande Couro<\/p>\n<p>Pre\u00e7o unit\u00e1rio R$ 14,80<\/p>\n<p>Dimens\u00f5es do estojo: 5x10x22cm<\/p>\n<p>* As cores podem sofrer altera\u00e7\u00f5es<\/p>\n","protected":false},"excerpt":{"rendered":"<p>Embalagem com 6 estojos Retangular Grande Couro Pre\u00e7o unit\u00e1rio R$ 14,80 Dimens\u00f5es do estojo: 5x10x22cm * As cores podem sofrer altera\u00e7\u00f5es<\/p>\n","protected":false},"featured_media":272,"template":"","meta":{"om_disable_all_campaigns":false,"_monsterinsights_skip_tracking":false,"_monsterinsights_sitenote_active":false,"_monsterinsights_sitenote_note":"","_monsterinsights_sitenote_category":0},"product_cat":[28,39],"product_tag":[],"class_list":["post-269","product","type-product","status-publish","has-post-thumbnail","hentry","product_cat-all","product_cat-linha-grandes"],"aioseo_notices":[],"_links":{"self":[{"href":"https:\/\/estojoelos.com.br\/loja\/index.php\/wp-json\/wp\/v2\/product\/269","targetHints":{"allow":["GET"]}}],"collection":[{"href":"https:\/\/estojoelos.com.br\/loja\/index.php\/wp-json\/wp\/v2\/product"}],"about":[{"href":"https:\/\/estojoelos.com.br\/loja\/index.php\/wp-json\/wp\/v2\/types\/product"}],"wp:featuredmedia":[{"embeddable":true,"href":"https:\/\/estojoelos.com.br\/loja\/index.php\/wp-json\/wp\/v2\/media\/272"}],"wp:attachment":[{"href":"https:\/\/estojoelos.com.br\/loja\/index.php\/wp-json\/wp\/v2\/media?parent=269"}],"wp:term":[{"taxonomy":"product_cat","embeddable":true,"href":"https:\/\/estojoelos.com.br\/loja\/index.php\/wp-json\/wp\/v2\/product_cat?post=269"},{"taxonomy":"product_tag","embeddable":true,"href":"https:\/\/estojoelos.com.br\/loja\/index.php\/wp-json\/wp\/v2\/product_tag?post=269"}],"curies":[{"name":"wp","href":"https:\/\/api.w.org\/{rel}","templated":true}]}}