{"id":219,"date":"2022-09-01T13:22:56","date_gmt":"2022-09-01T16:22:56","guid":{"rendered":"https:\/\/estojoelos.com.br\/loja\/?post_type=product&#038;p=219"},"modified":"2025-07-31T12:50:20","modified_gmt":"2025-07-31T15:50:20","slug":"ref-79-duplo-glitter-c-6-un","status":"publish","type":"product","link":"https:\/\/estojoelos.com.br\/loja\/index.php\/product\/ref-79-duplo-glitter-c-6-un\/","title":{"rendered":"Ref. 79 Duplo Glitter c\/ 6 un"},"content":{"rendered":"<p>Embalagem com 6 estojos Duplo Especial Glitter em cores sortidas<\/p>\n<p>Pre\u00e7o unit\u00e1rio R$ 19,00<\/p>\n<p>Dimens\u00f5es do estojo: 9x7x21cm<\/p>\n<p>* As cores podem sofrer altera\u00e7\u00f5es<\/p>\n","protected":false},"excerpt":{"rendered":"<p>Embalagem com 6 estojos Duplo Especial Glitter em cores sortidas Pre\u00e7o unit\u00e1rio R$ 19,00 Dimens\u00f5es do estojo: 9x7x21cm * As cores podem sofrer altera\u00e7\u00f5es<\/p>\n","protected":false},"featured_media":216,"template":"","meta":{"om_disable_all_campaigns":false,"_monsterinsights_skip_tracking":false,"_monsterinsights_sitenote_active":false,"_monsterinsights_sitenote_note":"","_monsterinsights_sitenote_category":0},"product_cat":[28,40],"product_tag":[68,67,49],"class_list":["post-219","product","type-product","status-publish","has-post-thumbnail","hentry","product_cat-all","product_cat-linha-duplo","product_tag-2-ziper","product_tag-duplo","product_tag-gliter"],"aioseo_notices":[],"_links":{"self":[{"href":"https:\/\/estojoelos.com.br\/loja\/index.php\/wp-json\/wp\/v2\/product\/219","targetHints":{"allow":["GET"]}}],"collection":[{"href":"https:\/\/estojoelos.com.br\/loja\/index.php\/wp-json\/wp\/v2\/product"}],"about":[{"href":"https:\/\/estojoelos.com.br\/loja\/index.php\/wp-json\/wp\/v2\/types\/product"}],"wp:featuredmedia":[{"embeddable":true,"href":"https:\/\/estojoelos.com.br\/loja\/index.php\/wp-json\/wp\/v2\/media\/216"}],"wp:attachment":[{"href":"https:\/\/estojoelos.com.br\/loja\/index.php\/wp-json\/wp\/v2\/media?parent=219"}],"wp:term":[{"taxonomy":"product_cat","embeddable":true,"href":"https:\/\/estojoelos.com.br\/loja\/index.php\/wp-json\/wp\/v2\/product_cat?post=219"},{"taxonomy":"product_tag","embeddable":true,"href":"https:\/\/estojoelos.com.br\/loja\/index.php\/wp-json\/wp\/v2\/product_tag?post=219"}],"curies":[{"name":"wp","href":"https:\/\/api.w.org\/{rel}","templated":true}]}}