{"id":201,"date":"2022-09-01T11:50:35","date_gmt":"2022-09-01T14:50:35","guid":{"rendered":"https:\/\/estojoelos.com.br\/loja\/?post_type=product&#038;p=201"},"modified":"2025-07-31T12:52:04","modified_gmt":"2025-07-31T15:52:04","slug":"ref-70-triplo-masc-neon-c-6-un","status":"publish","type":"product","link":"https:\/\/estojoelos.com.br\/loja\/index.php\/product\/ref-70-triplo-masc-neon-c-6-un\/","title":{"rendered":"Ref. 70 Triplo Masc. Neon c\/ 6 un"},"content":{"rendered":"<p>Embalagem com 6 estojos Triplo Masculino Neon<\/p>\n<p>Pre\u00e7o unit\u00e1rio R$ 15,80<\/p>\n<p>Dimens\u00f5es do estojo: 13x7x21cm<\/p>\n<p>* As cores podem sofrer altera\u00e7\u00f5es<\/p>\n","protected":false},"excerpt":{"rendered":"<p>Embalagem com 6 estojos Triplo Masculino Neon Pre\u00e7o unit\u00e1rio R$ 15,80 Dimens\u00f5es do estojo: 13x7x21cm * As cores podem sofrer altera\u00e7\u00f5es<\/p>\n","protected":false},"featured_media":198,"template":"","meta":{"om_disable_all_campaigns":false,"_monsterinsights_skip_tracking":false,"_monsterinsights_sitenote_active":false,"_monsterinsights_sitenote_note":"","_monsterinsights_sitenote_category":0},"product_cat":[28,41],"product_tag":[59,62,58],"class_list":["post-201","product","type-product","status-publish","has-post-thumbnail","hentry","product_cat-all","product_cat-linha-triplo","product_tag-3-ziper","product_tag-neon","product_tag-triplo"],"aioseo_notices":[],"_links":{"self":[{"href":"https:\/\/estojoelos.com.br\/loja\/index.php\/wp-json\/wp\/v2\/product\/201","targetHints":{"allow":["GET"]}}],"collection":[{"href":"https:\/\/estojoelos.com.br\/loja\/index.php\/wp-json\/wp\/v2\/product"}],"about":[{"href":"https:\/\/estojoelos.com.br\/loja\/index.php\/wp-json\/wp\/v2\/types\/product"}],"wp:featuredmedia":[{"embeddable":true,"href":"https:\/\/estojoelos.com.br\/loja\/index.php\/wp-json\/wp\/v2\/media\/198"}],"wp:attachment":[{"href":"https:\/\/estojoelos.com.br\/loja\/index.php\/wp-json\/wp\/v2\/media?parent=201"}],"wp:term":[{"taxonomy":"product_cat","embeddable":true,"href":"https:\/\/estojoelos.com.br\/loja\/index.php\/wp-json\/wp\/v2\/product_cat?post=201"},{"taxonomy":"product_tag","embeddable":true,"href":"https:\/\/estojoelos.com.br\/loja\/index.php\/wp-json\/wp\/v2\/product_tag?post=201"}],"curies":[{"name":"wp","href":"https:\/\/api.w.org\/{rel}","templated":true}]}}