{"id":166,"date":"2022-09-01T10:10:38","date_gmt":"2022-09-01T13:10:38","guid":{"rendered":"https:\/\/estojoelos.com.br\/loja\/?post_type=product&#038;p=166"},"modified":"2025-07-31T12:58:15","modified_gmt":"2025-07-31T15:58:15","slug":"ref-92-bau-couro","status":"publish","type":"product","link":"https:\/\/estojoelos.com.br\/loja\/index.php\/product\/ref-92-bau-couro\/","title":{"rendered":"Ref. 92 Ba\u00fa Couro c\/ 6 un"},"content":{"rendered":"<p>Embalagem com 6 estojos Ba\u00fa Couro em tecidos sortidos<\/p>\n<p>Pre\u00e7o unit\u00e1rio R$ 43,00<\/p>\n<p>Material super refor\u00e7ado, com el\u00e1stico na tampa e no miolo com capacidade para 36 l\u00e1pis.<\/p>\n<p>Dimens\u00f5es do estojo: 7x16x23<\/p>\n","protected":false},"excerpt":{"rendered":"<p>Embalagem com 6 estojos Ba\u00fa Couro em tecidos sortidos Pre\u00e7o unit\u00e1rio R$ 43,00 Material super refor\u00e7ado, com el\u00e1stico na tampa e no miolo com capacidade para 36 l\u00e1pis. Dimens\u00f5es do estojo: 7x16x23<\/p>\n","protected":false},"featured_media":150,"template":"","meta":{"om_disable_all_campaigns":false,"_monsterinsights_skip_tracking":false,"_monsterinsights_sitenote_active":false,"_monsterinsights_sitenote_note":"","_monsterinsights_sitenote_category":0},"product_cat":[28,43],"product_tag":[50,51,55],"class_list":["post-166","product","type-product","status-publish","has-post-thumbnail","hentry","product_cat-all","product_cat-linha-bau","product_tag-100pens","product_tag-bau","product_tag-box"],"aioseo_notices":[],"_links":{"self":[{"href":"https:\/\/estojoelos.com.br\/loja\/index.php\/wp-json\/wp\/v2\/product\/166","targetHints":{"allow":["GET"]}}],"collection":[{"href":"https:\/\/estojoelos.com.br\/loja\/index.php\/wp-json\/wp\/v2\/product"}],"about":[{"href":"https:\/\/estojoelos.com.br\/loja\/index.php\/wp-json\/wp\/v2\/types\/product"}],"wp:featuredmedia":[{"embeddable":true,"href":"https:\/\/estojoelos.com.br\/loja\/index.php\/wp-json\/wp\/v2\/media\/150"}],"wp:attachment":[{"href":"https:\/\/estojoelos.com.br\/loja\/index.php\/wp-json\/wp\/v2\/media?parent=166"}],"wp:term":[{"taxonomy":"product_cat","embeddable":true,"href":"https:\/\/estojoelos.com.br\/loja\/index.php\/wp-json\/wp\/v2\/product_cat?post=166"},{"taxonomy":"product_tag","embeddable":true,"href":"https:\/\/estojoelos.com.br\/loja\/index.php\/wp-json\/wp\/v2\/product_tag?post=166"}],"curies":[{"name":"wp","href":"https:\/\/api.w.org\/{rel}","templated":true}]}}